{"id":230,"date":"2025-02-05T15:56:18","date_gmt":"2025-02-05T14:56:18","guid":{"rendered":"https:\/\/lipalipnik.cz\/?page_id=230"},"modified":"2026-02-19T15:40:37","modified_gmt":"2026-02-19T14:40:37","slug":"ospolku","status":"publish","type":"page","link":"https:\/\/lipalipnik.cz\/index.php\/ospolku\/","title":{"rendered":"O spolku"},"content":{"rendered":"<p><a href=\"https:\/\/lipalipnik.cz\"><img decoding=\"async\" src=\"\/wp-content\/uploads\/2025\/02\/logo_leaf.jpg\" alt=\"\"><\/a><\/p>\n<h1>O spolku<\/h1>\n<h1>CENA PRO &#8222;L\u00cdPU&#8220;<\/h1>\n<div>\n<p>Des\u00e1t\u00fd ro\u010dn\u00edk festivalu studentsk\u00fdch film\u016f Pod Nebesy se do\u010dkal ocen\u011bn\u00ed! Z\u00edskal \u201eCenu Olomouck\u00e9ho kraje za p\u0159\u00ednos v oblasti kultury\u201c v kategorii V\u00fdjime\u010dn\u00fd po\u010din roku v oblasti filmov\u00e9ho um\u011bn\u00ed. Organiz\u00e1to\u0159i festivalu z Okra\u0161lovac\u00edho spolku L\u00edpa p\u0159evzali ocen\u011bn\u00ed v \u00fater\u00fd 22. dubna v Moravsk\u00e9m divadle Olomouc. Tento slavnostn\u00ed okam\u017eik byl pro v\u0161echny po\u0159adatele-dobrovoln\u00edky radostn\u00fdm potvrzen\u00edm smysluplnosti jejich dlouholet\u00e9 pr\u00e1ce p\u0159i realizaci tradi\u010dn\u00edho dvoudenn\u00edho sv\u00e1tku mlad\u00e9 filma\u0159iny v podmaniv\u00e9m prostoru medita\u010dn\u00ed zahrady v Lipn\u00edku nad Be\u010dvou.<\/p>\n<\/div>\n<p><img decoding=\"async\" src=\"\/wp-content\/uploads\/2025\/04\/popup_podnebesy.jpg\" alt=\"\"><\/p>\n<h1>\n<h4><span>Organiza\u010dn\u00ed struktura<\/span><\/h4>\n<\/h1>\n<div>\n<p>Okra\u0161lovac\u00ed spolek L\u00edpa je z\u0159\u00edzen jako ob\u010dansk\u00e9 sdru\u017een\u00ed na z\u00e1klad\u011b z\u00e1kona 83\/90 Sb, registrace byla provedena dne 22. \u010dervence 2005.<\/p>\n<p>V \u010dele spolku stoj\u00ed p\u0159edseda. \u010clenskou z\u00e1kladnu tvo\u0159\u00ed lid\u00e9 r\u016fzn\u00fdch profes\u00ed (fyzick\u00e9 osoby), kte\u0159\u00ed jsou ochotni fyzicky se pod\u00edlet na jednotliv\u00fdch aktivit\u00e1ch.<\/p>\n<p>V \u0159ad\u011b t\u011bchto aktivit sv\u00e9pomocn\u00e9 pr\u00e1ce p\u0159eva\u017euj\u00ed nad pracemi dodavatelsk\u00fdmi. V\u00fdznamn\u00fdm \u010dl\u00e1nkem jsou p\u0159\u00edznivci spolku, kte\u0159\u00ed pom\u00e1haj\u00ed radou, materi\u00e1lem, strojn\u00edm za\u0159\u00edzen\u00edm, finan\u010dn\u011b (organizace, instituce, spole\u010dnosti, podnikatel\u00e9).<\/p>\n<\/div>\n<p><img decoding=\"async\" src=\"\/wp-content\/uploads\/2025\/02\/1.png\" alt=\"\"><br \/>\n<img decoding=\"async\" src=\"\/wp-content\/uploads\/2025\/02\/DSCN0808-scaled.jpg\" alt=\"\"><\/p>\n<h1>\n<h4><span>P\u0159edm\u011bt \u010dinnosti<\/span><\/h4>\n<\/h1>\n<div>\n<p>\u2013 Ochrana a obnova kulturn\u00edch pam\u00e1tek ve m\u011bst\u011b a bl\u00edzk\u00e9m okol\u00ed spojen\u00e1 s p\u00e9\u010d\u00ed o okoln\u00ed p\u0159\u00edrodn\u00ed prost\u0159ed\u00ed<\/p>\n<p>\u2013 Podpora kulturn\u00edho d\u011bn\u00ed po\u0159\u00e1d\u00e1n\u00edm koncert\u016f, divadel, p\u0159edn\u00e1\u0161ek,\u00a0 besed, kost\u00fdmovan\u00fdch staf\u00e1\u017e\u00ed a diskusn\u00edch se\u0161lost\u00ed<\/p>\n<p>\u2013 P\u011b\u0161\u00ed pout\u011b na v\u00fdznamn\u00e1 m\u00edsta na\u0161eho kraje.<\/p>\n<\/div>\n<h1>\n<h4>Z\u00e1m\u011br<\/h4>\n<\/h1>\n<div>\n<p>\u2022 Nav\u00e1zat na d\u0159\u00edv\u011bj\u0161\u00ed spolkovou \u010dinnost ve m\u011bst\u011b (Beseda L\u00edpa\u00a0 \u00a0z r.1870, Okra\u0161lovac\u00ed spolek z r.1880) a p\u0159edat kulturn\u00ed\u00a0 \u00a0d\u011bdictv\u00ed dal\u0161\u00edm generac\u00edm.<\/p>\n<p>\u2022 Z\u00e1jmem o historii (duchovn\u00ed i hmotnou) zm\u011bnit \u00fahel pohledu\u00a0 \u00a0na sv\u011bt, \u017eivot a jeho trval\u00e9 hodnoty (znalost historie pom\u00e1h\u00e1 \u00a0 l\u00e9pe pochopit sou\u010dasnost)<\/p>\n<p>\u2022 Aktivn\u00ed \u00fa\u010dast\u00ed na pr\u00e1ci spolku pod\u00edlet se na vytv\u00e1\u0159en\u00ed\u00a0 \u00a0nov\u00fdch hodnot a projevovat z\u00e1jem o v\u011bci ve\u0159ejn\u00e9 ( seberealizace, \u00a0aktivn\u00ed odpo\u010dinek, celo\u017eivotn\u00ed vzd\u011bl\u00e1v\u00e1n\u00ed, zdrav\u00fd patriotismus, \u00a0p\u0159edch\u00e1zen\u00ed negativn\u00edm jev\u016fm)<\/p>\n<p>\u2022 Oslovovat lidi v\u0161ech v\u011bkov\u00fdch a spole\u010densk\u00fdch kategori\u00ed.<\/p>\n<\/div>\n<p><img decoding=\"async\" src=\"\/wp-content\/uploads\/2025\/02\/009.jpg\" alt=\"\"><br \/>\n<img decoding=\"async\" src=\"\/wp-content\/uploads\/2025\/02\/4.jpg\" alt=\"\"><\/p>\n<h1>\n<h4>Strategie<\/h4>\n<\/h1>\n<div>\n<p>Okra\u0161lovac\u00ed spolek L\u00edpa se chce pod\u00edlet svou \u010dinnost\u00ed na kulturn\u00edm \u017eivot\u011b na\u0161eho m\u011bsta, chce po\u0159\u00e1dat akce p\u0159isp\u00edvaj\u00edc\u00ed ke vzd\u011bl\u00e1n\u00ed, z\u00e1bav\u011b a inspirovat k z\u00e1jmu o pozitivn\u00ed hodnoty.<\/p>\n<p>Nab\u00edz\u00ed spolupr\u00e1ci lidem stejn\u00e9ho sm\u00fd\u0161len\u00ed. Ka\u017ed\u00fd n\u011bco um\u00ed a ka\u017ed\u00fd m\u00e1 jist\u011b n\u011bkolik zn\u00e1m\u00fdch, kte\u0159\u00ed tak\u00e9 n\u011bco um\u00ed nebo pomohou za\u0159\u00eddit.<\/p>\n<p>S radost\u00ed uv\u00edt\u00e1me ka\u017ed\u00e9ho jednotlivce, kter\u00fd do pr\u00e1ce spolku dod\u00e1 jakoukoli novou du\u0161evn\u00ed \u010di materi\u00e1ln\u00ed hodnotu.<\/p>\n<\/div>\n<div>\n<p><span>web: <\/span><a href=\"https:\/\/shumik.net\">ShumikDesign<\/a><span> photo: <\/span><a href=\"https:\/\/www.facebook.com\/irena.fridrichova.1\">\u00a9 Irena Igi Fridrichov\u00e1<\/a><\/p>\n<\/div>\n<p><!--more--><br \/>\n<!-- {\"type\":\"layout\",\"children\":[{\"name\":\"Hero\",\"type\":\"section\",\"props\":{\"image_position\":\"center-center\",\"padding_remove_top\":true,\"style\":\"default\",\"title_breakpoint\":\"xl\",\"title_position\":\"top-left\",\"title_rotation\":\"left\",\"vertical_align\":\"\",\"width\":\"\"},\"children\":[{\"type\":\"row\",\"children\":[{\"type\":\"column\",\"props\":{\"image_position\":\"center-center\",\"position_sticky_breakpoint\":\"m\",\"width_medium\":\"1-1\"},\"children\":[{\"type\":\"image\",\"props\":{\"image\":\"wp-content\\\/uploads\\\/2025\\\/02\\\/logo_leaf.jpg\",\"image_loading\":true,\"image_svg_color\":\"emphasis\",\"image_width\":\"2560\",\"link\":\"https:\\\/\\\/lipalipnik.cz\",\"margin\":\"\"}}]}]}]},{\"type\":\"section\",\"props\":{\"image_position\":\"center-center\",\"padding\":\"small\",\"padding_remove_bottom\":true,\"padding_remove_top\":true,\"style\":\"default\",\"title_breakpoint\":\"xl\",\"title_position\":\"top-left\",\"title_rotation\":\"left\",\"vertical_align\":\"middle\",\"width\":\"default\"},\"children\":[{\"type\":\"row\",\"children\":[{\"type\":\"column\",\"props\":{\"image_position\":\"center-center\",\"position_sticky_breakpoint\":\"m\"},\"children\":[{\"type\":\"headline\",\"props\":{\"content\":\"O spolku\",\"margin\":\"small\",\"margin_remove_top\":true,\"title_color\":\"secondary\",\"title_element\":\"h1\"}}]}]}]},{\"type\":\"section\",\"props\":{\"image_position\":\"center-center\",\"style\":\"default\",\"title_breakpoint\":\"xl\",\"title_position\":\"top-left\",\"title_rotation\":\"left\",\"vertical_align\":\"middle\",\"width\":\"default\"},\"children\":[{\"type\":\"row\",\"children\":[{\"type\":\"column\",\"props\":{\"image_position\":\"center-center\",\"position_sticky_breakpoint\":\"m\"},\"children\":[{\"type\":\"headline\",\"props\":{\"content\":\"CENA PRO \\\"L\\u00cdPU\\\"\",\"title_element\":\"h1\"}},{\"type\":\"text\",\"props\":{\"column_breakpoint\":\"m\",\"content\":\"\n\n<p>Des\\u00e1t\\u00fd ro\\u010dn\\u00edk festivalu studentsk\\u00fdch film\\u016f Pod Nebesy se do\\u010dkal ocen\\u011bn\\u00ed! Z\\u00edskal \\u201eCenu Olomouck\\u00e9ho kraje za p\\u0159\\u00ednos v oblasti kultury\\u201c v kategorii V\\u00fdjime\\u010dn\\u00fd po\\u010din roku v oblasti filmov\\u00e9ho um\\u011bn\\u00ed. Organiz\\u00e1to\\u0159i festivalu z Okra\\u0161lovac\\u00edho spolku L\\u00edpa p\\u0159evzali ocen\\u011bn\\u00ed v \\u00fater\\u00fd 22. dubna v Moravsk\\u00e9m divadle Olomouc. Tento slavnostn\\u00ed okam\\u017eik byl pro v\\u0161echny po\\u0159adatele-dobrovoln\\u00edky radostn\\u00fdm potvrzen\\u00edm smysluplnosti jejich dlouholet\\u00e9 pr\\u00e1ce p\\u0159i realizaci tradi\\u010dn\\u00edho dvoudenn\\u00edho sv\\u00e1tku mlad\\u00e9 filma\\u0159iny v podmaniv\\u00e9m prostoru medita\\u010dn\\u00ed zahrady v Lipn\\u00edku nad Be\\u010dvou.<\\\/p>\",\"margin\":\"default\"}},{\"type\":\"image\",\"props\":{\"image\":\"wp-content\\\/uploads\\\/2025\\\/04\\\/popup_podnebesy.jpg\",\"image_svg_color\":\"emphasis\",\"margin\":\"default\"}}]}]}]},{\"type\":\"section\",\"props\":{\"image_position\":\"center-center\",\"padding\":\"small\",\"padding_remove_horizontal\":false,\"padding_remove_top\":true,\"style\":\"default\",\"title_breakpoint\":\"xl\",\"title_position\":\"top-left\",\"title_rotation\":\"left\",\"vertical_align\":\"middle\",\"width\":\"default\",\"width_expand\":\"right\"},\"children\":[{\"type\":\"row\",\"props\":{\"layout\":\"1-2,1-2\"},\"children\":[{\"type\":\"column\",\"props\":{\"image_position\":\"center-center\",\"position_sticky_breakpoint\":\"m\",\"width_medium\":\"1-2\"},\"children\":[{\"type\":\"headline\",\"props\":{\"content\":\"\n\n<h4><span>Organiza\\u010dn\\u00ed struktura<\\\/span><\\\/h4>\",\"title_element\":\"h1\"}},{\"type\":\"text\",\"props\":{\"column_breakpoint\":\"m\",\"content\":\"\n\n<p>Okra\\u0161lovac\\u00ed spolek L\\u00edpa je z\\u0159\\u00edzen jako ob\\u010dansk\\u00e9 sdru\\u017een\\u00ed na z\\u00e1klad\\u011b z\\u00e1kona 83\\\/90 Sb, registrace byla provedena dne 22. \\u010dervence 2005.<\\\/p>\\n\n\n<p>V \\u010dele spolku stoj\\u00ed p\\u0159edseda. \\u010clenskou z\\u00e1kladnu tvo\\u0159\\u00ed lid\\u00e9 r\\u016fzn\\u00fdch profes\\u00ed (fyzick\\u00e9 osoby), kte\\u0159\\u00ed jsou ochotni fyzicky se pod\\u00edlet na jednotliv\\u00fdch aktivit\\u00e1ch.<\\\/p>\\n\n\n<p>V \\u0159ad\\u011b t\\u011bchto aktivit sv\\u00e9pomocn\\u00e9 pr\\u00e1ce p\\u0159eva\\u017euj\\u00ed nad pracemi dodavatelsk\\u00fdmi. V\\u00fdznamn\\u00fdm \\u010dl\\u00e1nkem jsou p\\u0159\\u00edznivci spolku, kte\\u0159\\u00ed pom\\u00e1haj\\u00ed radou, materi\\u00e1lem, strojn\\u00edm za\\u0159\\u00edzen\\u00edm, finan\\u010dn\\u011b (organizace, instituce, spole\\u010dnosti, podnikatel\\u00e9).<\\\/p>\",\"margin\":\"default\"}}]},{\"type\":\"column\",\"props\":{\"image_position\":\"center-center\",\"position_sticky_breakpoint\":\"m\",\"width_medium\":\"1-2\"},\"children\":[{\"type\":\"image\",\"props\":{\"image\":\"wp-content\\\/uploads\\\/2025\\\/02\\\/1.png\",\"image_svg_color\":\"emphasis\",\"margin\":\"default\"}}]}]},{\"type\":\"row\",\"props\":{\"layout\":\"1-2,1-2\"},\"children\":[{\"type\":\"column\",\"props\":{\"image_position\":\"center-center\",\"position_sticky_breakpoint\":\"m\",\"width_medium\":\"1-2\"},\"children\":[{\"type\":\"image\",\"props\":{\"image\":\"wp-content\\\/uploads\\\/2025\\\/02\\\/DSCN0808-scaled.jpg\",\"image_svg_color\":\"emphasis\",\"margin\":\"default\"}}]},{\"type\":\"column\",\"props\":{\"image_position\":\"center-center\",\"position_sticky_breakpoint\":\"m\",\"width_medium\":\"1-2\"},\"children\":[{\"type\":\"headline\",\"props\":{\"content\":\"\n\n<h4><span>P\\u0159edm\\u011bt \\u010dinnosti<\\\/span><\\\/h4>\",\"title_element\":\"h1\"}},{\"type\":\"text\",\"props\":{\"column_breakpoint\":\"m\",\"content\":\"\n\n<p><\\\/p>\\n\n\n<p>\\u2013 Ochrana a obnova kulturn\\u00edch pam\\u00e1tek ve m\\u011bst\\u011b a bl\\u00edzk\\u00e9m okol\\u00ed spojen\\u00e1 s p\\u00e9\\u010d\\u00ed o okoln\\u00ed p\\u0159\\u00edrodn\\u00ed prost\\u0159ed\\u00ed<\\\/p>\\n\n\n<p>\\u2013 Podpora kulturn\\u00edho d\\u011bn\\u00ed po\\u0159\\u00e1d\\u00e1n\\u00edm koncert\\u016f, divadel, p\\u0159edn\\u00e1\\u0161ek,\\u00a0 besed, kost\\u00fdmovan\\u00fdch staf\\u00e1\\u017e\\u00ed a diskusn\\u00edch se\\u0161lost\\u00ed<\\\/p>\\n\n\n<p>\\u2013 P\\u011b\\u0161\\u00ed pout\\u011b na v\\u00fdznamn\\u00e1 m\\u00edsta na\\u0161eho kraje.<\\\/p>\",\"margin\":\"default\"}}]}]},{\"type\":\"row\",\"props\":{\"layout\":\"1-2,1-2\"},\"children\":[{\"type\":\"column\",\"props\":{\"image_position\":\"center-center\",\"position_sticky_breakpoint\":\"m\",\"width_medium\":\"1-2\"},\"children\":[{\"type\":\"headline\",\"props\":{\"content\":\"\n\n<h4>Z\\u00e1m\\u011br<\\\/h4>\",\"title_element\":\"h1\"}},{\"type\":\"text\",\"props\":{\"column_breakpoint\":\"m\",\"content\":\"\n\n<p>\\u2022 Nav\\u00e1zat na d\\u0159\\u00edv\\u011bj\\u0161\\u00ed spolkovou \\u010dinnost ve m\\u011bst\\u011b (Beseda L\\u00edpa\\u00a0 \\u00a0z r.1870, Okra\\u0161lovac\\u00ed spolek z r.1880) a p\\u0159edat kulturn\\u00ed\\u00a0 \\u00a0d\\u011bdictv\\u00ed dal\\u0161\\u00edm generac\\u00edm.<\\\/p>\\n\n\n<p>\\u2022 Z\\u00e1jmem o historii (duchovn\\u00ed i hmotnou) zm\\u011bnit \\u00fahel pohledu\\u00a0 \\u00a0na sv\\u011bt, \\u017eivot a jeho trval\\u00e9 hodnoty (znalost historie pom\\u00e1h\\u00e1 \\u00a0 l\\u00e9pe pochopit sou\\u010dasnost)<\\\/p>\\n\n\n<p>\\u2022 Aktivn\\u00ed \\u00fa\\u010dast\\u00ed na pr\\u00e1ci spolku pod\\u00edlet se na vytv\\u00e1\\u0159en\\u00ed\\u00a0 \\u00a0nov\\u00fdch hodnot a projevovat z\\u00e1jem o v\\u011bci ve\\u0159ejn\\u00e9 ( seberealizace, \\u00a0aktivn\\u00ed odpo\\u010dinek, celo\\u017eivotn\\u00ed vzd\\u011bl\\u00e1v\\u00e1n\\u00ed, zdrav\\u00fd patriotismus, \\u00a0p\\u0159edch\\u00e1zen\\u00ed negativn\\u00edm jev\\u016fm)<\\\/p>\\n\n\n<p>\\u2022 Oslovovat lidi v\\u0161ech v\\u011bkov\\u00fdch a spole\\u010densk\\u00fdch kategori\\u00ed.<\\\/p>\",\"margin\":\"default\"}}]},{\"type\":\"column\",\"props\":{\"image_position\":\"center-center\",\"position_sticky_breakpoint\":\"m\",\"width_medium\":\"1-2\"},\"children\":[{\"type\":\"image\",\"props\":{\"image\":\"wp-content\\\/uploads\\\/2025\\\/02\\\/009.jpg\",\"image_svg_color\":\"emphasis\",\"margin\":\"default\"}}]}]},{\"type\":\"row\",\"props\":{\"layout\":\"1-2,1-2\"},\"children\":[{\"type\":\"column\",\"props\":{\"image_position\":\"center-center\",\"position_sticky_breakpoint\":\"m\",\"width_medium\":\"1-2\"},\"children\":[{\"type\":\"image\",\"props\":{\"image\":\"wp-content\\\/uploads\\\/2025\\\/02\\\/4.jpg\",\"image_svg_color\":\"emphasis\",\"margin\":\"default\"}}]},{\"type\":\"column\",\"props\":{\"image_position\":\"center-center\",\"position_sticky_breakpoint\":\"m\",\"width_medium\":\"1-2\"},\"children\":[{\"type\":\"headline\",\"props\":{\"content\":\"\n\n<h4>Strategie<\\\/h4>\",\"title_element\":\"h1\"}},{\"type\":\"text\",\"props\":{\"column_breakpoint\":\"m\",\"content\":\"\n\n<p>Okra\\u0161lovac\\u00ed spolek L\\u00edpa se chce pod\\u00edlet svou \\u010dinnost\\u00ed na kulturn\\u00edm \\u017eivot\\u011b na\\u0161eho m\\u011bsta, chce po\\u0159\\u00e1dat akce p\\u0159isp\\u00edvaj\\u00edc\\u00ed ke vzd\\u011bl\\u00e1n\\u00ed, z\\u00e1bav\\u011b a inspirovat k z\\u00e1jmu o pozitivn\\u00ed hodnoty.<\\\/p>\\n\n\n<p>Nab\\u00edz\\u00ed spolupr\\u00e1ci lidem stejn\\u00e9ho sm\\u00fd\\u0161len\\u00ed. Ka\\u017ed\\u00fd n\\u011bco um\\u00ed a ka\\u017ed\\u00fd m\\u00e1 jist\\u011b n\\u011bkolik zn\\u00e1m\\u00fdch, kte\\u0159\\u00ed tak\\u00e9 n\\u011bco um\\u00ed nebo pomohou za\\u0159\\u00eddit.<\\\/p>\\n\n\n<p>S radost\\u00ed uv\\u00edt\\u00e1me ka\\u017ed\\u00e9ho jednotlivce, kter\\u00fd do pr\\u00e1ce spolku dod\\u00e1 jakoukoli novou du\\u0161evn\\u00ed \\u010di materi\\u00e1ln\\u00ed hodnotu.<\\\/p>\",\"margin\":\"default\"}}]}]}]},{\"type\":\"section\",\"props\":{\"image_position\":\"center-center\",\"style\":\"default\",\"title_breakpoint\":\"xl\",\"title_position\":\"top-left\",\"title_rotation\":\"left\",\"vertical_align\":\"middle\",\"width\":\"default\"},\"children\":[{\"type\":\"row\",\"children\":[{\"type\":\"column\",\"props\":{\"image_position\":\"center-center\",\"position_sticky_breakpoint\":\"m\"},\"children\":[{\"type\":\"text\",\"props\":{\"column_breakpoint\":\"m\",\"content\":\"\n\n<p><span>web: <\\\/span><a href=\\\"https:\\\/\\\/shumik.net\\\">ShumikDesign<\\\/a><span> photo: <\\\/span><a href=\\\"https:\\\/\\\/www.facebook.com\\\/irena.fridrichova.1\\\">\\u00a9 Irena Igi Fridrichov\\u00e1<\\\/a><\\\/p>\",\"margin\":\"default\"}}]}]}]}],\"version\":\"4.5.33\"} --><\/p>\n","protected":false},"excerpt":{"rendered":"<p>O spolku CENA PRO &#8222;L\u00cdPU&#8220; Des\u00e1t\u00fd ro\u010dn\u00edk festivalu studentsk\u00fdch film\u016f Pod Nebesy se do\u010dkal ocen\u011bn\u00ed! Z\u00edskal \u201eCenu Olomouck\u00e9ho kraje za p\u0159\u00ednos v oblasti kultury\u201c v kategorii V\u00fdjime\u010dn\u00fd po\u010din roku v oblasti filmov\u00e9ho um\u011bn\u00ed. Organiz\u00e1to\u0159i festivalu z Okra\u0161lovac\u00edho spolku L\u00edpa p\u0159evzali ocen\u011bn\u00ed v \u00fater\u00fd 22. dubna v Moravsk\u00e9m divadle Olomouc. Tento slavnostn\u00ed okam\u017eik byl pro v\u0161echny [&hellip;]<\/p>\n","protected":false},"author":1,"featured_media":0,"parent":0,"menu_order":0,"comment_status":"closed","ping_status":"closed","template":"","meta":{"footnotes":""},"class_list":["post-230","page","type-page","status-publish","hentry"],"_links":{"self":[{"href":"https:\/\/lipalipnik.cz\/index.php\/wp-json\/wp\/v2\/pages\/230","targetHints":{"allow":["GET"]}}],"collection":[{"href":"https:\/\/lipalipnik.cz\/index.php\/wp-json\/wp\/v2\/pages"}],"about":[{"href":"https:\/\/lipalipnik.cz\/index.php\/wp-json\/wp\/v2\/types\/page"}],"author":[{"embeddable":true,"href":"https:\/\/lipalipnik.cz\/index.php\/wp-json\/wp\/v2\/users\/1"}],"replies":[{"embeddable":true,"href":"https:\/\/lipalipnik.cz\/index.php\/wp-json\/wp\/v2\/comments?post=230"}],"version-history":[{"count":34,"href":"https:\/\/lipalipnik.cz\/index.php\/wp-json\/wp\/v2\/pages\/230\/revisions"}],"predecessor-version":[{"id":488,"href":"https:\/\/lipalipnik.cz\/index.php\/wp-json\/wp\/v2\/pages\/230\/revisions\/488"}],"wp:attachment":[{"href":"https:\/\/lipalipnik.cz\/index.php\/wp-json\/wp\/v2\/media?parent=230"}],"curies":[{"name":"wp","href":"https:\/\/api.w.org\/{rel}","templated":true}]}}