{"id":284,"date":"2025-02-06T10:42:26","date_gmt":"2025-02-06T09:42:26","guid":{"rendered":"https:\/\/lipalipnik.cz\/?page_id=284"},"modified":"2025-05-11T07:16:26","modified_gmt":"2025-05-11T05:16:26","slug":"kulturni-akce","status":"publish","type":"page","link":"https:\/\/lipalipnik.cz\/index.php\/kulturni-akce\/","title":{"rendered":"Kulturn\u00ed akce"},"content":{"rendered":"<p><a href=\"https:\/\/lipalipnik.cz\"><img decoding=\"async\" src=\"\/wp-content\/uploads\/2025\/02\/logo_leaf.jpg\" alt=\"\"><\/a><\/p>\n<h1>Kulturn\u00ed akce<\/h1>\n<h1>Festival Pod Nebesy<\/h1>\n<div>\n<p>Festival studentsk\u00fdch film\u016f Pod Nebesy je akce po\u0159\u00e1dan\u00e1 Okra\u0161lovac\u00edm spolkem L\u00edpa v Medita\u010dn\u00ed zahrad\u011b v Lipn\u00edku nad Be\u010dvou. Dva ve\u010dery v rozkvetl\u00e9 zahrad\u011b nab\u00edz\u00ed n\u00e1v\u0161t\u011bvn\u00edk\u016fm p\u0159edstaven\u00ed t\u011bch nejlep\u0161\u00edch studentsk\u00fdch film\u016f, kter\u00e9 za uplynul\u00fd rok vznikly na p\u016fd\u011b \u010desk\u00fdch a slovensk\u00fdch filmov\u00fdch \u0161kol.<\/p>\n<p>Filmy ka\u017edoro\u010dn\u011b p\u0159ij\u00ed\u017ed\u00ed p\u0159edstavit jejich tv\u016frci, tak\u017ee po prom\u00edtnut\u00ed ka\u017ed\u00e9ho sn\u00edmku n\u00e1sleduje diskuze s filma\u0159i, kdy se mohou p\u0159\u00edtomn\u00ed div\u00e1ci pt\u00e1t na zaj\u00edmavosti z filmov\u00e9ho prost\u0159ed\u00ed. Oba ve\u010dery startuj\u00ed koncertem kapely, a jakmile se setm\u00ed, za\u010d\u00edn\u00e1 se prom\u00edtat.<\/p>\n<\/div>\n<p><!--more--><br \/>\n<!-- {\"type\":\"layout\",\"children\":[{\"name\":\"Hero\",\"type\":\"section\",\"props\":{\"image_position\":\"center-center\",\"padding_remove_top\":true,\"style\":\"default\",\"title_breakpoint\":\"xl\",\"title_position\":\"top-left\",\"title_rotation\":\"left\",\"vertical_align\":\"\",\"width\":\"\"},\"children\":[{\"type\":\"row\",\"children\":[{\"type\":\"column\",\"props\":{\"image_position\":\"center-center\",\"position_sticky_breakpoint\":\"m\",\"width_medium\":\"1-1\"},\"children\":[{\"type\":\"image\",\"props\":{\"image\":\"wp-content\\\/uploads\\\/2025\\\/02\\\/logo_leaf.jpg\",\"image_loading\":true,\"image_svg_color\":\"emphasis\",\"image_width\":\"2560\",\"link\":\"https:\\\/\\\/lipalipnik.cz\",\"margin\":\"\"}}]}]}]},{\"type\":\"section\",\"props\":{\"image_position\":\"center-center\",\"padding\":\"large\",\"padding_remove_top\":true,\"style\":\"default\",\"title_breakpoint\":\"xl\",\"title_position\":\"top-left\",\"title_rotation\":\"left\",\"vertical_align\":\"middle\",\"width\":\"small\"},\"children\":[{\"type\":\"row\",\"children\":[{\"type\":\"column\",\"props\":{\"image_position\":\"center-center\",\"position_sticky_breakpoint\":\"m\"},\"children\":[{\"type\":\"headline\",\"props\":{\"content\":\"Kulturn\\u00ed akce\",\"title_element\":\"h1\"}},{\"type\":\"headline\",\"props\":{\"content\":\"Festival Pod Nebesy\",\"title_decoration\":\"line\",\"title_element\":\"h1\",\"title_style\":\"h4\"}},{\"type\":\"text\",\"props\":{\"column_breakpoint\":\"m\",\"content\":\"\n\n<p>Festival studentsk\\u00fdch film\\u016f Pod Nebesy je akce po\\u0159\\u00e1dan\\u00e1 Okra\\u0161lovac\\u00edm spolkem L\\u00edpa v Medita\\u010dn\\u00ed zahrad\\u011b v Lipn\\u00edku nad Be\\u010dvou. Dva ve\\u010dery v rozkvetl\\u00e9 zahrad\\u011b nab\\u00edz\\u00ed n\\u00e1v\\u0161t\\u011bvn\\u00edk\\u016fm p\\u0159edstaven\\u00ed t\\u011bch nejlep\\u0161\\u00edch studentsk\\u00fdch film\\u016f, kter\\u00e9 za uplynul\\u00fd rok vznikly na p\\u016fd\\u011b \\u010desk\\u00fdch a slovensk\\u00fdch filmov\\u00fdch \\u0161kol.<\\\/p>\\n\n\n<p>Filmy ka\\u017edoro\\u010dn\\u011b p\\u0159ij\\u00ed\\u017ed\\u00ed p\\u0159edstavit jejich tv\\u016frci, tak\\u017ee po prom\\u00edtnut\\u00ed ka\\u017ed\\u00e9ho sn\\u00edmku n\\u00e1sleduje diskuze s filma\\u0159i, kdy se mohou p\\u0159\\u00edtomn\\u00ed div\\u00e1ci pt\\u00e1t na zaj\\u00edmavosti z filmov\\u00e9ho prost\\u0159ed\\u00ed. Oba ve\\u010dery startuj\\u00ed koncertem kapely, a jakmile se setm\\u00ed, za\\u010d\\u00edn\\u00e1 se prom\\u00edtat.<\\\/p>\",\"margin\":\"default\",\"text_color\":\"emphasis\"}}]}],\"props\":{\"width\":\"small\"}}]}],\"version\":\"4.5.14\"} --><\/p>\n","protected":false},"excerpt":{"rendered":"<p>Kulturn\u00ed akce Festival Pod Nebesy Festival studentsk\u00fdch film\u016f Pod Nebesy je akce po\u0159\u00e1dan\u00e1 Okra\u0161lovac\u00edm spolkem L\u00edpa v Medita\u010dn\u00ed zahrad\u011b v Lipn\u00edku nad Be\u010dvou. Dva ve\u010dery v rozkvetl\u00e9 zahrad\u011b nab\u00edz\u00ed n\u00e1v\u0161t\u011bvn\u00edk\u016fm p\u0159edstaven\u00ed t\u011bch nejlep\u0161\u00edch studentsk\u00fdch film\u016f, kter\u00e9 za uplynul\u00fd rok vznikly na p\u016fd\u011b \u010desk\u00fdch a slovensk\u00fdch filmov\u00fdch \u0161kol. Filmy ka\u017edoro\u010dn\u011b p\u0159ij\u00ed\u017ed\u00ed p\u0159edstavit jejich tv\u016frci, tak\u017ee po [&hellip;]<\/p>\n","protected":false},"author":1,"featured_media":0,"parent":0,"menu_order":0,"comment_status":"closed","ping_status":"closed","template":"","meta":{"footnotes":""},"class_list":["post-284","page","type-page","status-publish","hentry"],"_links":{"self":[{"href":"https:\/\/lipalipnik.cz\/index.php\/wp-json\/wp\/v2\/pages\/284","targetHints":{"allow":["GET"]}}],"collection":[{"href":"https:\/\/lipalipnik.cz\/index.php\/wp-json\/wp\/v2\/pages"}],"about":[{"href":"https:\/\/lipalipnik.cz\/index.php\/wp-json\/wp\/v2\/types\/page"}],"author":[{"embeddable":true,"href":"https:\/\/lipalipnik.cz\/index.php\/wp-json\/wp\/v2\/users\/1"}],"replies":[{"embeddable":true,"href":"https:\/\/lipalipnik.cz\/index.php\/wp-json\/wp\/v2\/comments?post=284"}],"version-history":[{"count":8,"href":"https:\/\/lipalipnik.cz\/index.php\/wp-json\/wp\/v2\/pages\/284\/revisions"}],"predecessor-version":[{"id":316,"href":"https:\/\/lipalipnik.cz\/index.php\/wp-json\/wp\/v2\/pages\/284\/revisions\/316"}],"wp:attachment":[{"href":"https:\/\/lipalipnik.cz\/index.php\/wp-json\/wp\/v2\/media?parent=284"}],"curies":[{"name":"wp","href":"https:\/\/api.w.org\/{rel}","templated":true}]}}